{"id":1336,"date":"2023-01-23T14:04:18","date_gmt":"2023-01-23T14:04:18","guid":{"rendered":"https:\/\/admin.villagedeselements.com\/?page_id=1336"},"modified":"2023-04-19T14:12:26","modified_gmt":"2023-04-19T14:12:26","slug":"omgeving","status":"publish","type":"page","link":"https:\/\/admin.villagedeselements.com\/fr\/omgeving\/","title":{"rendered":"Alentours"},"content":{"rendered":"","protected":false},"excerpt":{"rendered":"","protected":false},"author":2,"featured_media":0,"parent":0,"menu_order":0,"comment_status":"closed","ping_status":"closed","template":"","meta":{"_acf_changed":false,"inline_featured_image":false,"footnotes":""},"class_list":["post-1336","page","type-page","status-publish","hentry"],"acf":{"flex":[{"acf_fc_layout":"banner","styletype":"default","image":{"ID":452,"id":452,"title":"omgeving","filename":"omgeving.jpg","filesize":2801261,"url":"https:\/\/admin.villagedeselements.com\/wp-content\/uploads\/2022\/02\/omgeving.jpg","link":"https:\/\/admin.villagedeselements.com\/fr\/omgeving\/omgeving-2\/","alt":"","author":"1","description":"","caption":"","name":"omgeving-2","status":"inherit","uploaded_to":1336,"date":"2022-02-18 13:33:37","modified":"2023-01-16 10:37:33","menu_order":0,"mime_type":"image\/jpeg","type":"image","subtype":"jpeg","icon":"https:\/\/admin.villagedeselements.com\/wp-includes\/images\/media\/default.png","width":2000,"height":695,"sizes":{"thumbnail":"https:\/\/admin.villagedeselements.com\/wp-content\/uploads\/2022\/02\/omgeving-150x150.jpg","thumbnail-width":150,"thumbnail-height":150,"medium":"https:\/\/admin.villagedeselements.com\/wp-content\/uploads\/2022\/02\/omgeving-300x104.jpg","medium-width":300,"medium-height":104,"medium_large":"https:\/\/admin.villagedeselements.com\/wp-content\/uploads\/2022\/02\/omgeving-768x267.jpg","medium_large-width":768,"medium_large-height":267,"large":"https:\/\/admin.villagedeselements.com\/wp-content\/uploads\/2022\/02\/omgeving-1024x356.jpg","large-width":1024,"large-height":356,"1536x1536":"https:\/\/admin.villagedeselements.com\/wp-content\/uploads\/2022\/02\/omgeving-1536x534.jpg","1536x1536-width":1536,"1536x1536-height":534,"2048x2048":"https:\/\/admin.villagedeselements.com\/wp-content\/uploads\/2022\/02\/omgeving.jpg","2048x2048-width":2000,"2048x2048-height":695,"gform-image-choice-sm":"https:\/\/admin.villagedeselements.com\/wp-content\/uploads\/2022\/02\/omgeving.jpg","gform-image-choice-sm-width":300,"gform-image-choice-sm-height":104,"gform-image-choice-md":"https:\/\/admin.villagedeselements.com\/wp-content\/uploads\/2022\/02\/omgeving.jpg","gform-image-choice-md-width":400,"gform-image-choice-md-height":139,"gform-image-choice-lg":"https:\/\/admin.villagedeselements.com\/wp-content\/uploads\/2022\/02\/omgeving.jpg","gform-image-choice-lg-width":600,"gform-image-choice-lg-height":209}},"video":"","description":"","button":{"icon":false,"link":null},"icon":{"ID":500,"id":500,"title":"tree","filename":"tree.svg","filesize":6618,"url":"https:\/\/admin.villagedeselements.com\/wp-content\/uploads\/2022\/02\/tree.svg","link":"https:\/\/admin.villagedeselements.com\/fr\/omgeving\/tree-2\/","alt":"","author":"1","description":"","caption":"","name":"tree-2","status":"inherit","uploaded_to":1336,"date":"2022-02-18 13:35:08","modified":"2023-01-16 10:37:33","menu_order":0,"mime_type":"image\/svg+xml","type":"image","subtype":"svg+xml","icon":"https:\/\/admin.villagedeselements.com\/wp-includes\/images\/media\/default.png","width":117,"height":117,"sizes":{"thumbnail":"https:\/\/admin.villagedeselements.com\/wp-content\/uploads\/2022\/02\/tree.svg","thumbnail-width":150,"thumbnail-height":150,"medium":"https:\/\/admin.villagedeselements.com\/wp-content\/uploads\/2022\/02\/tree.svg","medium-width":300,"medium-height":300,"medium_large":"https:\/\/admin.villagedeselements.com\/wp-content\/uploads\/2022\/02\/tree.svg","medium_large-width":768,"medium_large-height":768,"large":"https:\/\/admin.villagedeselements.com\/wp-content\/uploads\/2022\/02\/tree.svg","large-width":1024,"large-height":1024,"1536x1536":"https:\/\/admin.villagedeselements.com\/wp-content\/uploads\/2022\/02\/tree.svg","1536x1536-width":117,"1536x1536-height":117,"2048x2048":"https:\/\/admin.villagedeselements.com\/wp-content\/uploads\/2022\/02\/tree.svg","2048x2048-width":117,"2048x2048-height":117,"gform-image-choice-sm":"https:\/\/admin.villagedeselements.com\/wp-content\/uploads\/2022\/02\/tree.svg","gform-image-choice-sm-width":117,"gform-image-choice-sm-height":117,"gform-image-choice-md":"https:\/\/admin.villagedeselements.com\/wp-content\/uploads\/2022\/02\/tree.svg","gform-image-choice-md-width":117,"gform-image-choice-md-height":117,"gform-image-choice-lg":"https:\/\/admin.villagedeselements.com\/wp-content\/uploads\/2022\/02\/tree.svg","gform-image-choice-lg-width":117,"gform-image-choice-lg-height":117}},"colorcode":"#B19353","points":false},{"acf_fc_layout":"text","styletype":"standard","accent":"#B19353","position":"Afbeelding rechts","title":"","description":"<h1>Dordogne<\/h1>\n<h2>Ce qu&#8217;il faut faire ?<\/h2>\n<p>Situ\u00e9 au pied d&#8217;une falaise, le long des rives de la Dordogne, le village de La Roque-Gageac fait d\u00e9couvrir aux visiteurs ses ruelles, sa forteresse taill\u00e9e dans la roche, sa v\u00e9g\u00e9tation tropicale et sa petite \u00e9glise qui domine la vall\u00e9e.<\/p>\n","descriptionsecond":"","image":false,"icon":false,"video":"","points":false,"texts":false},{"acf_fc_layout":"component","styletype":"enviroments","description":"","accent":"#B19353","link":null,"title":"","images":false,"button":{"icon":false,"link":null},"days":false,"prices":false,"subtext":"","house":false}]},"yoast_head":"<!-- This site is optimized with the Yoast SEO plugin v26.6 - https:\/\/yoast.com\/wordpress\/plugins\/seo\/ -->\n<title>Alentours - Village des \u00c9l\u00e9ments<\/title>\n<meta name=\"robots\" content=\"noindex, follow, max-snippet:-1, max-image-preview:large, max-video-preview:-1\" \/>\n<meta property=\"og:locale\" content=\"fr_FR\" \/>\n<meta property=\"og:type\" content=\"article\" \/>\n<meta property=\"og:title\" content=\"Alentours - Village des \u00c9l\u00e9ments\" \/>\n<meta property=\"og:url\" content=\"https:\/\/admin.villagedeselements.com\/fr\/omgeving\/\" \/>\n<meta property=\"og:site_name\" content=\"Village des \u00c9l\u00e9ments\" \/>\n<meta property=\"article:publisher\" content=\"https:\/\/www.facebook.com\/profile.php?id=100076574927931\" \/>\n<meta property=\"article:modified_time\" content=\"2023-04-19T14:12:26+00:00\" \/>\n<meta name=\"twitter:card\" content=\"summary_large_image\" \/>\n<meta name=\"twitter:site\" content=\"@yoast\" \/>\n<script type=\"application\/ld+json\" class=\"yoast-schema-graph\">{\"@context\":\"https:\/\/schema.org\",\"@graph\":[{\"@type\":\"WebPage\",\"@id\":\"https:\/\/admin.villagedeselements.com\/fr\/omgeving\/\",\"url\":\"https:\/\/admin.villagedeselements.com\/fr\/omgeving\/\",\"name\":\"Alentours - Village des \u00c9l\u00e9ments\",\"isPartOf\":{\"@id\":\"https:\/\/admin.villagedeselements.com\/#website\"},\"datePublished\":\"2023-01-23T14:04:18+00:00\",\"dateModified\":\"2023-04-19T14:12:26+00:00\",\"breadcrumb\":{\"@id\":\"https:\/\/admin.villagedeselements.com\/fr\/omgeving\/#breadcrumb\"},\"inLanguage\":\"fr-FR\",\"potentialAction\":[{\"@type\":\"ReadAction\",\"target\":[\"https:\/\/admin.villagedeselements.com\/fr\/omgeving\/\"]}]},{\"@type\":\"BreadcrumbList\",\"@id\":\"https:\/\/admin.villagedeselements.com\/fr\/omgeving\/#breadcrumb\",\"itemListElement\":[{\"@type\":\"ListItem\",\"position\":1,\"name\":\"Home\",\"item\":\"https:\/\/admin.villagedeselements.com\/fr\/\"},{\"@type\":\"ListItem\",\"position\":2,\"name\":\"Alentours\"}]},{\"@type\":\"WebSite\",\"@id\":\"https:\/\/admin.villagedeselements.com\/#website\",\"url\":\"https:\/\/admin.villagedeselements.com\/\",\"name\":\"Village des \u00c9l\u00e9ments\",\"description\":\"Kom tot rust in een prachtige omgeving vol luxe\",\"publisher\":{\"@id\":\"https:\/\/admin.villagedeselements.com\/#organization\"},\"potentialAction\":[{\"@type\":\"SearchAction\",\"target\":{\"@type\":\"EntryPoint\",\"urlTemplate\":\"https:\/\/admin.villagedeselements.com\/?s={search_term_string}\"},\"query-input\":{\"@type\":\"PropertyValueSpecification\",\"valueRequired\":true,\"valueName\":\"search_term_string\"}}],\"inLanguage\":\"fr-FR\"},{\"@type\":\"Organization\",\"@id\":\"https:\/\/admin.villagedeselements.com\/#organization\",\"name\":\"Village des \u00c9l\u00e9ments\",\"url\":\"https:\/\/admin.villagedeselements.com\/\",\"logo\":{\"@type\":\"ImageObject\",\"inLanguage\":\"fr-FR\",\"@id\":\"https:\/\/admin.villagedeselements.com\/#\/schema\/logo\/image\/\",\"url\":\"https:\/\/admin.villagedeselements.com\/wp-content\/uploads\/2022\/02\/homebannerlogo.svg\",\"contentUrl\":\"https:\/\/admin.villagedeselements.com\/wp-content\/uploads\/2022\/02\/homebannerlogo.svg\",\"width\":235,\"height\":176,\"caption\":\"Village des \u00c9l\u00e9ments\"},\"image\":{\"@id\":\"https:\/\/admin.villagedeselements.com\/#\/schema\/logo\/image\/\"},\"sameAs\":[\"https:\/\/www.facebook.com\/profile.php?id=100076574927931\",\"https:\/\/x.com\/yoast\",\"https:\/\/instagram.com\/village_des_elements_?igshid=MmIzYWVlNDQ5Yg==\"]}]}<\/script>\n<!-- \/ Yoast SEO plugin. -->","yoast_head_json":{"title":"Alentours - Village des \u00c9l\u00e9ments","robots":{"index":"noindex","follow":"follow","max-snippet":"max-snippet:-1","max-image-preview":"max-image-preview:large","max-video-preview":"max-video-preview:-1"},"og_locale":"fr_FR","og_type":"article","og_title":"Alentours - Village des \u00c9l\u00e9ments","og_url":"https:\/\/admin.villagedeselements.com\/fr\/omgeving\/","og_site_name":"Village des \u00c9l\u00e9ments","article_publisher":"https:\/\/www.facebook.com\/profile.php?id=100076574927931","article_modified_time":"2023-04-19T14:12:26+00:00","twitter_card":"summary_large_image","twitter_site":"@yoast","schema":{"@context":"https:\/\/schema.org","@graph":[{"@type":"WebPage","@id":"https:\/\/admin.villagedeselements.com\/fr\/omgeving\/","url":"https:\/\/admin.villagedeselements.com\/fr\/omgeving\/","name":"Alentours - Village des \u00c9l\u00e9ments","isPartOf":{"@id":"https:\/\/admin.villagedeselements.com\/#website"},"datePublished":"2023-01-23T14:04:18+00:00","dateModified":"2023-04-19T14:12:26+00:00","breadcrumb":{"@id":"https:\/\/admin.villagedeselements.com\/fr\/omgeving\/#breadcrumb"},"inLanguage":"fr-FR","potentialAction":[{"@type":"ReadAction","target":["https:\/\/admin.villagedeselements.com\/fr\/omgeving\/"]}]},{"@type":"BreadcrumbList","@id":"https:\/\/admin.villagedeselements.com\/fr\/omgeving\/#breadcrumb","itemListElement":[{"@type":"ListItem","position":1,"name":"Home","item":"https:\/\/admin.villagedeselements.com\/fr\/"},{"@type":"ListItem","position":2,"name":"Alentours"}]},{"@type":"WebSite","@id":"https:\/\/admin.villagedeselements.com\/#website","url":"https:\/\/admin.villagedeselements.com\/","name":"Village des \u00c9l\u00e9ments","description":"Kom tot rust in een prachtige omgeving vol luxe","publisher":{"@id":"https:\/\/admin.villagedeselements.com\/#organization"},"potentialAction":[{"@type":"SearchAction","target":{"@type":"EntryPoint","urlTemplate":"https:\/\/admin.villagedeselements.com\/?s={search_term_string}"},"query-input":{"@type":"PropertyValueSpecification","valueRequired":true,"valueName":"search_term_string"}}],"inLanguage":"fr-FR"},{"@type":"Organization","@id":"https:\/\/admin.villagedeselements.com\/#organization","name":"Village des \u00c9l\u00e9ments","url":"https:\/\/admin.villagedeselements.com\/","logo":{"@type":"ImageObject","inLanguage":"fr-FR","@id":"https:\/\/admin.villagedeselements.com\/#\/schema\/logo\/image\/","url":"https:\/\/admin.villagedeselements.com\/wp-content\/uploads\/2022\/02\/homebannerlogo.svg","contentUrl":"https:\/\/admin.villagedeselements.com\/wp-content\/uploads\/2022\/02\/homebannerlogo.svg","width":235,"height":176,"caption":"Village des \u00c9l\u00e9ments"},"image":{"@id":"https:\/\/admin.villagedeselements.com\/#\/schema\/logo\/image\/"},"sameAs":["https:\/\/www.facebook.com\/profile.php?id=100076574927931","https:\/\/x.com\/yoast","https:\/\/instagram.com\/village_des_elements_?igshid=MmIzYWVlNDQ5Yg=="]}]}},"yoast_title":"Alentours - Village des \u00c9l\u00e9ments","yoast_meta":[{"name":"robots","content":"noindex, follow, max-snippet:-1, max-image-preview:large, max-video-preview:-1"},{"property":"og:locale","content":"fr_FR"},{"property":"og:type","content":"article"},{"property":"og:title","content":"Alentours - Village des \u00c9l\u00e9ments"},{"property":"og:url","content":"https:\/\/admin.villagedeselements.com\/fr\/omgeving\/"},{"property":"og:site_name","content":"Village des \u00c9l\u00e9ments"},{"property":"article:publisher","content":"https:\/\/www.facebook.com\/profile.php?id=100076574927931"},{"property":"article:modified_time","content":"2023-04-19T14:12:26+00:00"},{"name":"twitter:card","content":"summary_large_image"},{"name":"twitter:site","content":"@yoast"},{"name":"robots","content":"noindex, nofollow"}],"yoast_json_ld":[{"@context":"https:\/\/schema.org","@graph":[{"@type":"WebPage","@id":"https:\/\/admin.villagedeselements.com\/fr\/omgeving\/","url":"https:\/\/admin.villagedeselements.com\/fr\/omgeving\/","name":"Alentours - Village des &Eacute;l&eacute;ments","isPartOf":{"@id":"https:\/\/admin.villagedeselements.com\/#website"},"datePublished":"2023-01-23T14:04:18+00:00","dateModified":"2023-04-19T14:12:26+00:00","breadcrumb":{"@id":"https:\/\/admin.villagedeselements.com\/fr\/omgeving\/#breadcrumb"},"inLanguage":"fr-FR","potentialAction":[{"@type":"ReadAction","target":["https:\/\/admin.villagedeselements.com\/fr\/omgeving\/"]}]},{"@type":"BreadcrumbList","@id":"https:\/\/admin.villagedeselements.com\/fr\/omgeving\/#breadcrumb","itemListElement":[{"@type":"ListItem","position":1,"name":"Home","item":"https:\/\/admin.villagedeselements.com\/fr\/"},{"@type":"ListItem","position":2,"name":"Alentours"}]},{"@type":"WebSite","@id":"https:\/\/admin.villagedeselements.com\/#website","url":"https:\/\/admin.villagedeselements.com\/","name":"Village des &Eacute;l&eacute;ments","description":"Kom tot rust in een prachtige omgeving vol luxe","publisher":{"@id":"https:\/\/admin.villagedeselements.com\/#organization"},"potentialAction":[{"@type":"SearchAction","target":{"@type":"EntryPoint","urlTemplate":"https:\/\/admin.villagedeselements.com\/?s={search_term_string}"},"query-input":{"@type":"PropertyValueSpecification","valueRequired":true,"valueName":"search_term_string"}}],"inLanguage":"fr-FR"},{"@type":"Organization","@id":"https:\/\/admin.villagedeselements.com\/#organization","name":"Village des &Eacute;l&eacute;ments","url":"https:\/\/admin.villagedeselements.com\/","logo":{"@type":"ImageObject","inLanguage":"fr-FR","@id":"https:\/\/admin.villagedeselements.com\/#\/schema\/logo\/image\/","url":"https:\/\/admin.villagedeselements.com\/wp-content\/uploads\/2022\/02\/homebannerlogo.svg","contentUrl":"https:\/\/admin.villagedeselements.com\/wp-content\/uploads\/2022\/02\/homebannerlogo.svg","width":235,"height":176,"caption":"Village des &Eacute;l&eacute;ments"},"image":{"@id":"https:\/\/admin.villagedeselements.com\/#\/schema\/logo\/image\/"},"sameAs":["https:\/\/www.facebook.com\/profile.php?id=100076574927931","https:\/\/x.com\/yoast","https:\/\/instagram.com\/village_des_elements_?igshid=MmIzYWVlNDQ5Yg=="]}]}],"_links":{"self":[{"href":"https:\/\/admin.villagedeselements.com\/fr\/wp-json\/wp\/v2\/pages\/1336","targetHints":{"allow":["GET"]}}],"collection":[{"href":"https:\/\/admin.villagedeselements.com\/fr\/wp-json\/wp\/v2\/pages"}],"about":[{"href":"https:\/\/admin.villagedeselements.com\/fr\/wp-json\/wp\/v2\/types\/page"}],"author":[{"embeddable":true,"href":"https:\/\/admin.villagedeselements.com\/fr\/wp-json\/wp\/v2\/users\/2"}],"replies":[{"embeddable":true,"href":"https:\/\/admin.villagedeselements.com\/fr\/wp-json\/wp\/v2\/comments?post=1336"}],"version-history":[{"count":3,"href":"https:\/\/admin.villagedeselements.com\/fr\/wp-json\/wp\/v2\/pages\/1336\/revisions"}],"predecessor-version":[{"id":1785,"href":"https:\/\/admin.villagedeselements.com\/fr\/wp-json\/wp\/v2\/pages\/1336\/revisions\/1785"}],"wp:attachment":[{"href":"https:\/\/admin.villagedeselements.com\/fr\/wp-json\/wp\/v2\/media?parent=1336"}],"curies":[{"name":"wp","href":"https:\/\/api.w.org\/{rel}","templated":true}]}}